{"id":533,"date":"2020-10-28T14:53:19","date_gmt":"2020-10-28T14:53:19","guid":{"rendered":"https:\/\/lapop.ca\/contact\/"},"modified":"2023-10-04T19:18:13","modified_gmt":"2023-10-04T19:18:13","slug":"contact","status":"publish","type":"page","link":"https:\/\/lapop.ca\/fr\/contact\/","title":{"rendered":"Contactez-nous"},"content":{"rendered":"<div class=\"contact-info\">\n<div class=\"d-flex\">\n<div class=\"col-5\">\n<h2 class=\"h1\">LApop<\/h2>\n<p class=\"lead\">O\u00f9 nous cr\u00e9ons de d\u00e9licieuses friandises sur un pop!<\/p>\n<p><b>Choisissez. Trempez. Garnissez.<\/b><br \/>Parce que tout est tellement meilleur sur un b\u00e2ton.<\/p>\n<hr>\n<h3>Adresse<\/h3>\n<p>CF March\u00e9 Saint-Bruno<br \/>1 Bd des Promenades<br \/>Saint-Bruno-de-Montarville, QC J3V 5K3, Canada<\/p>\n<h3>Coordonn\u00e9es<\/h3>\n<p>T\u00e9l: <a href=\"tel:514-779-8388\">514-779-8388<\/a><br \/>Courriel: <a href=\"mailto:info@lapop.ca\">info@lapop.ca<\/a><\/p>\n<h3>Heures d&rsquo;ouverture<\/h3>\n<p>Ferm\u00e9 pour la saison<\/p>\n<\/div>\n<div class=\"col-6\">\n<div class=\"wpcf7 no-js\" id=\"wpcf7-f537-o1\" lang=\"en-US\" dir=\"ltr\" data-wpcf7-id=\"537\">\n<div class=\"screen-reader-response\"><p role=\"status\" aria-live=\"polite\" aria-atomic=\"true\"><\/p> <ul><\/ul><\/div>\n<form action=\"\/fr\/wp-json\/wp\/v2\/pages\/533#wpcf7-f537-o1\" method=\"post\" class=\"wpcf7-form init\" aria-label=\"Contact form\" novalidate=\"novalidate\" data-status=\"init\">\n<fieldset class=\"hidden-fields-container\"><input type=\"hidden\" name=\"_wpcf7\" value=\"537\" \/><input type=\"hidden\" name=\"_wpcf7_version\" value=\"6.1.5\" \/><input type=\"hidden\" name=\"_wpcf7_locale\" value=\"en_US\" \/><input type=\"hidden\" name=\"_wpcf7_unit_tag\" value=\"wpcf7-f537-o1\" \/><input type=\"hidden\" name=\"_wpcf7_container_post\" value=\"0\" \/><input type=\"hidden\" name=\"_wpcf7_posted_data_hash\" value=\"\" \/><input type=\"hidden\" name=\"_wpcf7_recaptcha_response\" value=\"\" \/>\n<\/fieldset>\n<div class=\"d-flex\">\n\t<div class=\"col-6\">\n\t\t<p><label> Pr\u00e9nom *<br \/>\n<span class=\"wpcf7-form-control-wrap\" data-name=\"first-name\"><input size=\"40\" maxlength=\"400\" class=\"wpcf7-form-control wpcf7-text wpcf7-validates-as-required\" aria-required=\"true\" aria-invalid=\"false\" value=\"\" type=\"text\" name=\"first-name\" \/><\/span> <\/label>\n\t\t<\/p>\n\t<\/div>\n\t<div class=\"col-6\">\n\t\t<p><label> Nom *<br \/>\n<span class=\"wpcf7-form-control-wrap\" data-name=\"last-name\"><input size=\"40\" maxlength=\"400\" class=\"wpcf7-form-control wpcf7-text wpcf7-validates-as-required\" aria-required=\"true\" aria-invalid=\"false\" value=\"\" type=\"text\" name=\"last-name\" \/><\/span> <\/label>\n\t\t<\/p>\n\t<\/div>\n<\/div>\n<div class=\"d-flex\">\n\t<div class=\"col-6\">\n\t\t<p><label> Courriel *<br \/>\n<span class=\"wpcf7-form-control-wrap\" data-name=\"your-email\"><input size=\"40\" maxlength=\"400\" class=\"wpcf7-form-control wpcf7-email wpcf7-validates-as-required wpcf7-text wpcf7-validates-as-email\" aria-required=\"true\" aria-invalid=\"false\" value=\"\" type=\"email\" name=\"your-email\" \/><\/span> <\/label>\n\t\t<\/p>\n\t<\/div>\n\t<div class=\"col-6\">\n\t\t<p><label> Num\u00e9ro de t\u00e9l\u00e9phone<br \/>\n<span class=\"wpcf7-form-control-wrap\" data-name=\"phone-number\"><input size=\"40\" maxlength=\"400\" class=\"wpcf7-form-control wpcf7-tel wpcf7-text wpcf7-validates-as-tel\" aria-invalid=\"false\" value=\"\" type=\"tel\" name=\"phone-number\" \/><\/span> <\/label>\n\t\t<\/p>\n\t<\/div>\n<\/div>\n<p><label> Votre message *<br \/>\n<span class=\"wpcf7-form-control-wrap\" data-name=\"your-message\"><textarea cols=\"40\" rows=\"10\" maxlength=\"2000\" class=\"wpcf7-form-control wpcf7-textarea wpcf7-validates-as-required\" aria-required=\"true\" aria-invalid=\"false\" name=\"your-message\"><\/textarea><\/span> <\/label>\n<\/p>\n<p><input class=\"wpcf7-form-control wpcf7-submit has-spinner btn\" type=\"submit\" value=\"Soumettre\" \/>\n<\/p><div class=\"wpcf7-response-output\" aria-hidden=\"true\"><\/div>\n<\/form>\n<\/div>\n<\/div>\n<\/div>\n<\/div>\n<p><iframe loading=\"lazy\" style=\"border: 0; margin-bottom: -8px;\" src=\"https:\/\/www.google.com\/maps\/embed?pb=!1m18!1m12!1m3!1d998.3736239139259!2d-73.37984175490277!3d45.505197920470806!2m3!1f0!2f0!3f0!3m2!1i1024!2i768!4f13.1!3m3!1m2!1s0x4cc9076b47d95af5%3A0x8509c30cee458718!2sLA%20Pop!5e0!3m2!1sen!2sca!4v1696446965875!5m2!1sen!2sca\" width=\"100%\" height=\"400\" allowfullscreen=\"allowfullscreen\"><\/iframe><\/p>\n","protected":false},"excerpt":{"rendered":"<p>LApop O\u00f9 nous cr\u00e9ons de d\u00e9licieuses friandises sur un pop! Choisissez. Trempez. Garnissez.Parce que tout est tellement meilleur sur un b\u00e2ton. Adresse CF March\u00e9 Saint-Bruno1 Bd des PromenadesSaint-Bruno-de-Montarville, QC J3V 5K3, Canada Coordonn\u00e9es T\u00e9l: 514-779-8388Courriel: info@lapop.ca Heures d&rsquo;ouverture Ferm\u00e9 pour la saison<\/p>\n","protected":false},"author":1,"featured_media":526,"parent":0,"menu_order":0,"comment_status":"closed","ping_status":"closed","template":"","meta":{"footnotes":""},"class_list":["post-533","page","type-page","status-publish","has-post-thumbnail"],"jetpack_sharing_enabled":true,"_links":{"self":[{"href":"https:\/\/lapop.ca\/fr\/wp-json\/wp\/v2\/pages\/533","targetHints":{"allow":["GET"]}}],"collection":[{"href":"https:\/\/lapop.ca\/fr\/wp-json\/wp\/v2\/pages"}],"about":[{"href":"https:\/\/lapop.ca\/fr\/wp-json\/wp\/v2\/types\/page"}],"author":[{"embeddable":true,"href":"https:\/\/lapop.ca\/fr\/wp-json\/wp\/v2\/users\/1"}],"replies":[{"embeddable":true,"href":"https:\/\/lapop.ca\/fr\/wp-json\/wp\/v2\/comments?post=533"}],"version-history":[{"count":28,"href":"https:\/\/lapop.ca\/fr\/wp-json\/wp\/v2\/pages\/533\/revisions"}],"predecessor-version":[{"id":808,"href":"https:\/\/lapop.ca\/fr\/wp-json\/wp\/v2\/pages\/533\/revisions\/808"}],"wp:featuredmedia":[{"embeddable":true,"href":"https:\/\/lapop.ca\/fr\/wp-json\/wp\/v2\/media\/526"}],"wp:attachment":[{"href":"https:\/\/lapop.ca\/fr\/wp-json\/wp\/v2\/media?parent=533"}],"curies":[{"name":"wp","href":"https:\/\/api.w.org\/{rel}","templated":true}]}}