{"id":525,"date":"2020-10-28T14:52:57","date_gmt":"2020-10-28T14:52:57","guid":{"rendered":"https:\/\/lapop.ca\/about\/"},"modified":"2020-10-29T20:17:06","modified_gmt":"2020-10-29T20:17:06","slug":"a-propos","status":"publish","type":"page","link":"https:\/\/lapop.ca\/fr\/a-propos\/","title":{"rendered":"\u00c0 propos"},"content":{"rendered":"<section class=\"fruit-pop about-content\">\n<div class=\"d-flex\">\n<div class=\"col-6\">\n<h3 class=\"h1\">Une id\u00e9e est n\u00e9e&#8230;<\/h3>\n<p>L&rsquo;histoire de LApop est l\u2019histoire d\u2019Anh. Anh est dans l&rsquo;industrie alimentaire depuis plus de 20 ans et poss\u00e8de 9 restaurants \u00e0 Montr\u00e9al.<\/p>\n<p>Ses super papilles et son instinct pour d\u00e9couvrir les envies de ses clients lui ont apport\u00e9 de nombreux succ\u00e8s et l&rsquo;ont men\u00e9 vers sa derni\u00e8re invention: LApop. LApop est une histoire de sucettes glac\u00e9es.<\/p>\n<p>LApop propose une s\u00e9rie de d\u00e9licieuses sucettes glac\u00e9es et nous avons m\u00eame fini par mettre une gaufre sur un b\u00e2ton! Nos d\u00e9licieuses gaufres sont d&rsquo;excellents desserts.<\/p>\n<p>Avec plus d&rsquo;une douzaine de choix de garniture, vous pouvez cr\u00e9er votre gaufre comme vous l&rsquo;aimez et repartir en la mangeant sur un b\u00e2ton.<\/p>\n<\/div>\n<div class=\"col-5\">\n<div class=\"content-img\" style=\"background-image: url('https:\/\/lapop.ca\/wp-content\/uploads\/2020\/10\/lapop-img10.jpg');\"><\/div>\n<\/div>\n<\/div>\n<\/section>\n<section class=\"fruit-pop waffle-pop\">\n<div class=\"d-flex\">\n<div class=\"col-5\">\n<div class=\"content-img\" style=\"background-image: url('https:\/\/lapop.ca\/wp-content\/uploads\/2020\/10\/IMG_5321.jpg'); height: 350px;\"><\/div>\n<\/div>\n<div class=\"col-6\">\n<h2>Nos gaufres<\/h2>\n<p>Le pop gaufre est une gaufre chaude et d\u00e9licieuse faite avec de la p\u00e2te belge et pleine de saveur. Cuite sur place, c\u2019est la friandise parfaite tout au long de l&rsquo;ann\u00e9e.<\/p>\n<\/div>\n<\/div>\n<\/section>\n<section class=\"fruit-pop pops-info\">\n<div class=\"d-flex\">\n<div class=\"col-6\">\n<h2>Nos Pops<\/h2>\n<p>Nous ne sucrons nos pops qu&rsquo;avec du sucre de canne brut et biologique et n&rsquo;utilisons jamais d&rsquo;ar\u00f4mes, de colorants ou d\u2019agents de conservation artificiels. Notre menu propose des choix fruit\u00e9s et v\u00e9g\u00e9taliens, et tous nos pops sont sans gluten et sans produits laitiers.<\/p>\n<\/div>\n<div class=\"col-5\">\n<div class=\"content-img\" style=\"background-image: url('https:\/\/lapop.ca\/wp-content\/uploads\/2020\/10\/IMG_3304.jpg'); height: 350px;\"><\/div>\n<\/div>\n<\/div>\n<\/section>\n<section class=\"book-event contact-cta\">\n<div class=\"d-flex\">\n<div class=\"col-6\">\n<h2 class=\"h1\">Pur bonheur<\/h2>\n<p>LAPop s&rsquo;efforce de vous d\u00e9lecter avec des id\u00e9es inventives qui prennent vie gr\u00e2ce \u00e0 des ingr\u00e9dients simples. Les saisons changent, tout comme nos saveurs, alors revenez souvent!<\/p>\n<p><a href=\"https:\/\/lapop.ca\/contact\/\">Contactez-nous<\/a>\n<\/div>\n<\/div>\n<\/section>\n","protected":false},"excerpt":{"rendered":"<p>Une id\u00e9e est n\u00e9e&#8230; L&rsquo;histoire de LApop est l\u2019histoire d\u2019Anh. Anh est dans l&rsquo;industrie alimentaire depuis plus de 20 ans et poss\u00e8de 9 restaurants \u00e0 Montr\u00e9al. Ses super papilles et son instinct pour d\u00e9couvrir les envies de ses clients lui ont apport\u00e9 de nombreux succ\u00e8s et l&rsquo;ont men\u00e9 vers sa derni\u00e8re invention: LApop. LApop est &#8230; <a title=\"\u00c0 propos\" class=\"read-more\" href=\"https:\/\/lapop.ca\/fr\/a-propos\/\" aria-label=\"En savoir plus sur \u00c0 propos\">Lire plus<\/a><\/p>\n","protected":false},"author":1,"featured_media":526,"parent":0,"menu_order":0,"comment_status":"closed","ping_status":"closed","template":"","meta":{"footnotes":""},"class_list":["post-525","page","type-page","status-publish","has-post-thumbnail"],"jetpack_sharing_enabled":true,"_links":{"self":[{"href":"https:\/\/lapop.ca\/fr\/wp-json\/wp\/v2\/pages\/525","targetHints":{"allow":["GET"]}}],"collection":[{"href":"https:\/\/lapop.ca\/fr\/wp-json\/wp\/v2\/pages"}],"about":[{"href":"https:\/\/lapop.ca\/fr\/wp-json\/wp\/v2\/types\/page"}],"author":[{"embeddable":true,"href":"https:\/\/lapop.ca\/fr\/wp-json\/wp\/v2\/users\/1"}],"replies":[{"embeddable":true,"href":"https:\/\/lapop.ca\/fr\/wp-json\/wp\/v2\/comments?post=525"}],"version-history":[{"count":6,"href":"https:\/\/lapop.ca\/fr\/wp-json\/wp\/v2\/pages\/525\/revisions"}],"predecessor-version":[{"id":532,"href":"https:\/\/lapop.ca\/fr\/wp-json\/wp\/v2\/pages\/525\/revisions\/532"}],"wp:featuredmedia":[{"embeddable":true,"href":"https:\/\/lapop.ca\/fr\/wp-json\/wp\/v2\/media\/526"}],"wp:attachment":[{"href":"https:\/\/lapop.ca\/fr\/wp-json\/wp\/v2\/media?parent=525"}],"curies":[{"name":"wp","href":"https:\/\/api.w.org\/{rel}","templated":true}]}}