{"id":519,"date":"2020-10-28T14:52:25","date_gmt":"2020-10-28T14:52:25","guid":{"rendered":"https:\/\/lapop.ca\/home\/"},"modified":"2023-05-10T14:21:36","modified_gmt":"2023-05-10T14:21:36","slug":"accueil","status":"publish","type":"page","link":"https:\/\/lapop.ca\/fr\/","title":{"rendered":"Accueil"},"content":{"rendered":"<section class=\"intro\">\n<h1>Bienvenue \u00e0 LApop&#8230;<\/h1>\n<p>O\u00f9 nous cr\u00e9ons de d\u00e9licieuses friandises sur un pop!<\/p>\n<\/section>\n<section id=\"Choose\" class=\"choose-pop\">\n<h2 class=\"h1\">Choisir un pop<\/h2>\n<div class=\"d-flex\">\n<div class=\"col-7\">\n<ol class=\"counter-list\">\n<li>\n<h2>CHOISISSEZ.<\/h2>\n<p>Pour commencer, choisissez parmi nos deux options de base : le pop gaufre ou le LOVpop. Le pop gaufre est une gaufre chaude et d\u00e9licieuse faite avec de la p\u00e2te belge et pleine de saveur. Nos LOVpops sont fabriqu\u00e9s en petites quantit\u00e9s \u00e0 partir des ingr\u00e9dients les plus frais et naturels, r\u00e9colt\u00e9s localement lorsque possible. Nous ne sucrons nos pops qu&rsquo;avec du sucre de canne brut et biologique et n&rsquo;utilisons jamais d&rsquo;ar\u00f4mes, de colorants ou d\u2019agents de conservation artificiels. Les saisons changent, tout comme nos saveurs, alors revenez souvent!<\/p>\n<\/li>\n<li>\n<h2>TREMPEZ.<\/h2>\n<p>Apr\u00e8s avoir choisi votre base, les possibilit\u00e9s sont infinies. La deuxi\u00e8me \u00e9tape consiste \u00e0 choisir l&rsquo;une de nos nombreuses trempettes! Chocolat blanc, \u00e9rable, caramel, chocolat noir, nutella, matcha, biscuits \u00e0 la cr\u00e8me et bien d&rsquo;autres selon la saison.<\/p>\n<\/li>\n<li>\n<h2>GARNISSEZ.<\/h2>\n<p>Finalement, garnissez sans avoir peur. Choisissez parmi nos nombreuses options de garniture telles que les miettes de Graham, les morceaux d&rsquo;Oreo, les pistaches, les fruits frais, les flocons d&rsquo;amandes, les flocons de noix de coco, et plus encore!<\/p>\n<\/li>\n<\/ol>\n<\/div>\n<div class=\"col-5\">\n<div class=\"content-img\" style=\"background-image: url('https:\/\/lapop.ca\/wp-content\/uploads\/2020\/10\/lapop-new20.png');\"><\/div>\n<\/div>\n<\/div>\n<\/section>\n<section class=\"cta-products\">\n<h2 class=\"h1\">Vous voulez en savoir plus sur LApop ?<\/h2>\n<p><a href=\"https:\/\/lapop.ca\/fr\/a-propos\/\">Plus d&rsquo;infos ici<\/a><br \/>\n<\/section>\n<section class=\"fruit-pop\">\n<div class=\"d-flex\">\n<div class=\"col-5\">\n<div class=\"content-img\" style=\"background-image: url('https:\/\/lapop.ca\/wp-content\/uploads\/2020\/10\/IMG_1779.jpg'); height: 350px;\"><\/div>\n<\/div>\n<div class=\"col-6\">\n<h3 class=\"h1\">Fait \u00e0 la main avec amour<\/h3>\n<p>Les LOVpops sont faits en petits lots \u00e0 partir des ingr\u00e9dients les plus frais et naturels, r\u00e9colt\u00e9s localement lorsque possible.<\/p>\n<\/div>\n<\/div>\n<\/section>\n<section class=\"book-event\">\n<div class=\"d-flex\">\n<div class=\"col-6\">\n<h2 class=\"h1\">Vous organisez un \u00e9v\u00e9nement?<\/h2>\n<p>LAPop propose des exp\u00e9riences de traiteur uniques et amusantes pour toute occasion, petite ou grande. Nous proposons des services allant de la location de nos chariots de pops uniques \u00e0 une simple livraison ou cueillette de nos friandises.<\/p>\n<p><a href=\"https:\/\/lapop.ca\/contact\/\">TROUVEZ UN \u00c9V\u00c9NEMENT<\/a>\n<\/div>\n<\/div>\n<\/section>\n","protected":false},"excerpt":{"rendered":"<p>Bienvenue \u00e0 LApop&#8230; O\u00f9 nous cr\u00e9ons de d\u00e9licieuses friandises sur un pop! Choisir un pop CHOISISSEZ. Pour commencer, choisissez parmi nos deux options de base : le pop gaufre ou le LOVpop. Le pop gaufre est une gaufre chaude et d\u00e9licieuse faite avec de la p\u00e2te belge et pleine de saveur. Nos LOVpops sont fabriqu\u00e9s &#8230; <a title=\"Accueil\" class=\"read-more\" href=\"https:\/\/lapop.ca\/fr\/\" aria-label=\"En savoir plus sur Accueil\">Lire plus<\/a><\/p>\n","protected":false},"author":1,"featured_media":521,"parent":0,"menu_order":0,"comment_status":"closed","ping_status":"closed","template":"","meta":{"footnotes":""},"class_list":["post-519","page","type-page","status-publish","has-post-thumbnail"],"jetpack_sharing_enabled":true,"_links":{"self":[{"href":"https:\/\/lapop.ca\/fr\/wp-json\/wp\/v2\/pages\/519","targetHints":{"allow":["GET"]}}],"collection":[{"href":"https:\/\/lapop.ca\/fr\/wp-json\/wp\/v2\/pages"}],"about":[{"href":"https:\/\/lapop.ca\/fr\/wp-json\/wp\/v2\/types\/page"}],"author":[{"embeddable":true,"href":"https:\/\/lapop.ca\/fr\/wp-json\/wp\/v2\/users\/1"}],"replies":[{"embeddable":true,"href":"https:\/\/lapop.ca\/fr\/wp-json\/wp\/v2\/comments?post=519"}],"version-history":[{"count":9,"href":"https:\/\/lapop.ca\/fr\/wp-json\/wp\/v2\/pages\/519\/revisions"}],"predecessor-version":[{"id":794,"href":"https:\/\/lapop.ca\/fr\/wp-json\/wp\/v2\/pages\/519\/revisions\/794"}],"wp:featuredmedia":[{"embeddable":true,"href":"https:\/\/lapop.ca\/fr\/wp-json\/wp\/v2\/media\/521"}],"wp:attachment":[{"href":"https:\/\/lapop.ca\/fr\/wp-json\/wp\/v2\/media?parent=519"}],"curies":[{"name":"wp","href":"https:\/\/api.w.org\/{rel}","templated":true}]}}